{"id":9,"date":"2023-10-05T09:36:33","date_gmt":"2023-10-05T07:36:33","guid":{"rendered":"https:\/\/cms.gebiom.group\/gebiom\/?page_id=9"},"modified":"2026-01-12T11:24:18","modified_gmt":"2026-01-12T10:24:18","slug":"impressum","status":"publish","type":"page","link":"https:\/\/gebiom.group\/en\/impressum\/","title":{"rendered":"Imprint"},"content":{"rendered":"<div class=\"wp-block-cover mt-0\"><img loading=\"lazy\" decoding=\"async\" width=\"2560\" height=\"1023\" class=\"wp-block-cover__image-background wp-image-44\" alt=\"\" src=\"https:\/\/cms.gebiom.group\/gebiom\/wp-content\/uploads\/sites\/5\/2023\/10\/GeBioM_Header-scaled.jpg\" data-object-fit=\"cover\" srcset=\"https:\/\/gebiom.group\/wp-content\/uploads\/sites\/5\/2023\/10\/GeBioM_Header-scaled.jpg 2560w, https:\/\/gebiom.group\/wp-content\/uploads\/sites\/5\/2023\/10\/GeBioM_Header-300x120.jpg 300w, https:\/\/gebiom.group\/wp-content\/uploads\/sites\/5\/2023\/10\/GeBioM_Header-1024x409.jpg 1024w, https:\/\/gebiom.group\/wp-content\/uploads\/sites\/5\/2023\/10\/GeBioM_Header-768x307.jpg 768w, https:\/\/gebiom.group\/wp-content\/uploads\/sites\/5\/2023\/10\/GeBioM_Header-1536x614.jpg 1536w, https:\/\/gebiom.group\/wp-content\/uploads\/sites\/5\/2023\/10\/GeBioM_Header-2048x819.jpg 2048w\" sizes=\"auto, (max-width: 2560px) 100vw, 2560px\" \/><span aria-hidden=\"true\" class=\"wp-block-cover__background has-background-dim-0 has-background-dim\"><\/span><div class=\"wp-block-cover__inner-container has-global-padding is-layout-constrained wp-block-cover-is-layout-constrained\">\n<h2 class=\"wp-block-heading\">Imprint<\/h2>\n<\/div><\/div>\n\n\n\n<div class=\"wp-block-group px-3 px-md-4 px-lg-5 pt-3 pt-md-4 pt-lg-5 has-global-padding is-layout-constrained wp-block-group-is-layout-constrained\">\n<div class=\"wp-block-group has-global-padding is-layout-constrained wp-block-group-is-layout-constrained\">\n<p>Owner and responsible for the content of this website:<br>GEBIOM GROUP GmbH<\/p>\n\n\n\n<p>GEBIOM GROUP GmbH<br>Wilhelm-Schickard-Stra\u00dfe 12<br>48149 M\u00fcnster<br>Germany<br>Phone: +49 251 987240<br>Fax: +49 251 9872422<br>www.gebiom.group<\/p>\n\n\n\n<p>info@gebiom.com<\/p>\n\n\n\n<p>Managing Director Wolfgang Domenghino - Marcel Domenghino<\/p>\n\n\n\n<p>Register court: Local court M\u00fcnster<br>Register number: HRB 4239<\/p>\n\n\n\n<p>Value added tax identification number in accordance with \u00a7 27 a of the Value Added Tax Act: DE 811 730 709<\/p>\n\n\n\n<p>Disclaimer:<br>Despite careful control of the content, we accept no liability for the content of external links. The operators of the linked pages are solely responsible for their content.<\/p>\n<\/div>\n\n\n\n<div style=\"height:100px\" aria-hidden=\"true\" class=\"wp-block-spacer\"><\/div>\n<\/div>","protected":false},"excerpt":{"rendered":"<p>Eigent\u00fcmer und verantwortlich f\u00fcr den Inhalt dieser Webseite:GEBIOM GROUP GmbH GEBIOM GROUP GmbHWilhelm-Schickard-Stra\u00dfe 1248149 M\u00fcnsterGermanyTel.: +49 251 987240Fax: +49 251 9872422www.gebiom.group info@gebiom.com Gesch\u00e4ftsf\u00fchrer Wolfgang Domenghino \u2013 Marcel Domenghino Registergericht: Amtsgericht M\u00fcnsterRegisternummer: HRB 4239 Umsatzsteuer-Identifikationsnummer gem\u00e4\u00df \u00a7 27 a Umsatzsteuergesetz: DE 811 730 709 Haftungshinweis:Trotz sorgf\u00e4ltiger inhaltlicher Kontrolle, \u00fcbernehmen wir keine Haftung f\u00fcr die Inhalte externer [&hellip;]<\/p>\n","protected":false},"author":1,"featured_media":0,"parent":0,"menu_order":0,"comment_status":"closed","ping_status":"closed","template":"","meta":{"inline_featured_image":false,"advgb_blocks_editor_width":"","advgb_blocks_columns_visual_guide":"","footnotes":""},"class_list":["post-9","page","type-page","status-publish","hentry"],"yoast_head":"<!-- This site is optimized with the Yoast SEO plugin v27.2 - https:\/\/yoast.com\/product\/yoast-seo-wordpress\/ -->\n<title>Impressum - GEBIOM Group \u2013 Digitizing the biomechanical world<\/title>\n<meta name=\"robots\" content=\"index, follow, max-snippet:-1, max-image-preview:large, max-video-preview:-1\" \/>\n<link rel=\"canonical\" href=\"https:\/\/gebiom.group\/en\/impressum\/\" \/>\n<meta property=\"og:locale\" content=\"en_GB\" \/>\n<meta property=\"og:type\" content=\"article\" \/>\n<meta property=\"og:title\" content=\"Impressum - GEBIOM Group \u2013 Digitizing the biomechanical world\" \/>\n<meta property=\"og:description\" content=\"Eigent\u00fcmer und verantwortlich f\u00fcr den Inhalt dieser Webseite:GEBIOM GROUP GmbH GEBIOM GROUP GmbHWilhelm-Schickard-Stra\u00dfe 1248149 M\u00fcnsterGermanyTel.: +49 251 987240Fax: +49 251 9872422www.gebiom.group info@gebiom.com Gesch\u00e4ftsf\u00fchrer Wolfgang Domenghino \u2013 Marcel Domenghino Registergericht: Amtsgericht M\u00fcnsterRegisternummer: HRB 4239 Umsatzsteuer-Identifikationsnummer gem\u00e4\u00df \u00a7 27 a Umsatzsteuergesetz: DE 811 730 709 Haftungshinweis:Trotz sorgf\u00e4ltiger inhaltlicher Kontrolle, \u00fcbernehmen wir keine Haftung f\u00fcr die Inhalte externer [&hellip;]\" \/>\n<meta property=\"og:url\" content=\"https:\/\/gebiom.group\/en\/impressum\/\" \/>\n<meta property=\"og:site_name\" content=\"GEBIOM Group \u2013 Digitizing the biomechanical world\" \/>\n<meta property=\"article:modified_time\" content=\"2026-01-12T10:24:18+00:00\" \/>\n<meta property=\"og:image\" content=\"https:\/\/cms.gebiom.group\/gebiom\/wp-content\/uploads\/sites\/5\/2023\/10\/GeBioM_Header-scaled.jpg\" \/>\n<meta name=\"twitter:card\" content=\"summary_large_image\" \/>\n<meta name=\"twitter:label1\" content=\"Estimated reading time\" \/>\n\t<meta name=\"twitter:data1\" content=\"1 minute\" \/>\n<script type=\"application\/ld+json\" class=\"yoast-schema-graph\">{\"@context\":\"https:\/\/schema.org\",\"@graph\":[{\"@type\":\"WebPage\",\"@id\":\"https:\/\/gebiom.group\/impressum\/\",\"url\":\"https:\/\/gebiom.group\/impressum\/\",\"name\":\"Impressum - GEBIOM Group \u2013 Digitizing the biomechanical world\",\"isPartOf\":{\"@id\":\"https:\/\/gebiom.group\/#website\"},\"primaryImageOfPage\":{\"@id\":\"https:\/\/gebiom.group\/impressum\/#primaryimage\"},\"image\":{\"@id\":\"https:\/\/gebiom.group\/impressum\/#primaryimage\"},\"thumbnailUrl\":\"https:\/\/cms.gebiom.group\/gebiom\/wp-content\/uploads\/sites\/5\/2023\/10\/GeBioM_Header-scaled.jpg\",\"datePublished\":\"2023-10-05T07:36:33+00:00\",\"dateModified\":\"2026-01-12T10:24:18+00:00\",\"breadcrumb\":{\"@id\":\"https:\/\/gebiom.group\/impressum\/#breadcrumb\"},\"inLanguage\":\"en-GB\",\"potentialAction\":[{\"@type\":\"ReadAction\",\"target\":[\"https:\/\/gebiom.group\/impressum\/\"]}]},{\"@type\":\"ImageObject\",\"inLanguage\":\"en-GB\",\"@id\":\"https:\/\/gebiom.group\/impressum\/#primaryimage\",\"url\":\"https:\/\/cms.gebiom.group\/gebiom\/wp-content\/uploads\/sites\/5\/2023\/10\/GeBioM_Header-scaled.jpg\",\"contentUrl\":\"https:\/\/cms.gebiom.group\/gebiom\/wp-content\/uploads\/sites\/5\/2023\/10\/GeBioM_Header-scaled.jpg\"},{\"@type\":\"BreadcrumbList\",\"@id\":\"https:\/\/gebiom.group\/impressum\/#breadcrumb\",\"itemListElement\":[{\"@type\":\"ListItem\",\"position\":1,\"name\":\"Startseite\",\"item\":\"https:\/\/gebiom.group\/\"},{\"@type\":\"ListItem\",\"position\":2,\"name\":\"Impressum\"}]},{\"@type\":\"WebSite\",\"@id\":\"https:\/\/gebiom.group\/#website\",\"url\":\"https:\/\/gebiom.group\/\",\"name\":\"GEBIOM GROUP - Turn every product into something personal\",\"description\":\"\",\"publisher\":{\"@id\":\"https:\/\/gebiom.group\/#organization\"},\"potentialAction\":[{\"@type\":\"SearchAction\",\"target\":{\"@type\":\"EntryPoint\",\"urlTemplate\":\"https:\/\/gebiom.group\/?s={search_term_string}\"},\"query-input\":{\"@type\":\"PropertyValueSpecification\",\"valueRequired\":true,\"valueName\":\"search_term_string\"}}],\"inLanguage\":\"en-GB\"},{\"@type\":\"Organization\",\"@id\":\"https:\/\/gebiom.group\/#organization\",\"name\":\"GEBIOM GROUP - Turn every product into something personal\",\"url\":\"https:\/\/gebiom.group\/\",\"logo\":{\"@type\":\"ImageObject\",\"inLanguage\":\"en-GB\",\"@id\":\"https:\/\/gebiom.group\/#\/schema\/logo\/image\/\",\"url\":\"https:\/\/gebiom.group\/wp-content\/uploads\/sites\/5\/2024\/02\/Gebiom-Group-logo-website-neu-white.png\",\"contentUrl\":\"https:\/\/gebiom.group\/wp-content\/uploads\/sites\/5\/2024\/02\/Gebiom-Group-logo-website-neu-white.png\",\"width\":1024,\"height\":338,\"caption\":\"GEBIOM GROUP - Turn every product into something personal\"},\"image\":{\"@id\":\"https:\/\/gebiom.group\/#\/schema\/logo\/image\/\"}}]}<\/script>\n<!-- \/ Yoast SEO plugin. -->","yoast_head_json":{"title":"Imprint - GEBIOM Group - Digitising the biomechanical world","robots":{"index":"index","follow":"follow","max-snippet":"max-snippet:-1","max-image-preview":"max-image-preview:large","max-video-preview":"max-video-preview:-1"},"canonical":"https:\/\/gebiom.group\/en\/impressum\/","og_locale":"en_GB","og_type":"article","og_title":"Impressum - GEBIOM Group \u2013 Digitizing the biomechanical world","og_description":"Eigent\u00fcmer und verantwortlich f\u00fcr den Inhalt dieser Webseite:GEBIOM GROUP GmbH GEBIOM GROUP GmbHWilhelm-Schickard-Stra\u00dfe 1248149 M\u00fcnsterGermanyTel.: +49 251 987240Fax: +49 251 9872422www.gebiom.group info@gebiom.com Gesch\u00e4ftsf\u00fchrer Wolfgang Domenghino \u2013 Marcel Domenghino Registergericht: Amtsgericht M\u00fcnsterRegisternummer: HRB 4239 Umsatzsteuer-Identifikationsnummer gem\u00e4\u00df \u00a7 27 a Umsatzsteuergesetz: DE 811 730 709 Haftungshinweis:Trotz sorgf\u00e4ltiger inhaltlicher Kontrolle, \u00fcbernehmen wir keine Haftung f\u00fcr die Inhalte externer [&hellip;]","og_url":"https:\/\/gebiom.group\/en\/impressum\/","og_site_name":"GEBIOM Group \u2013 Digitizing the biomechanical world","article_modified_time":"2026-01-12T10:24:18+00:00","og_image":[{"url":"https:\/\/cms.gebiom.group\/gebiom\/wp-content\/uploads\/sites\/5\/2023\/10\/GeBioM_Header-scaled.jpg","type":"","width":"","height":""}],"twitter_card":"summary_large_image","twitter_misc":{"Estimated reading time":"1 minute"},"schema":{"@context":"https:\/\/schema.org","@graph":[{"@type":"WebPage","@id":"https:\/\/gebiom.group\/impressum\/","url":"https:\/\/gebiom.group\/impressum\/","name":"Imprint - GEBIOM Group - Digitising the biomechanical world","isPartOf":{"@id":"https:\/\/gebiom.group\/#website"},"primaryImageOfPage":{"@id":"https:\/\/gebiom.group\/impressum\/#primaryimage"},"image":{"@id":"https:\/\/gebiom.group\/impressum\/#primaryimage"},"thumbnailUrl":"https:\/\/cms.gebiom.group\/gebiom\/wp-content\/uploads\/sites\/5\/2023\/10\/GeBioM_Header-scaled.jpg","datePublished":"2023-10-05T07:36:33+00:00","dateModified":"2026-01-12T10:24:18+00:00","breadcrumb":{"@id":"https:\/\/gebiom.group\/impressum\/#breadcrumb"},"inLanguage":"en-GB","potentialAction":[{"@type":"ReadAction","target":["https:\/\/gebiom.group\/impressum\/"]}]},{"@type":"ImageObject","inLanguage":"en-GB","@id":"https:\/\/gebiom.group\/impressum\/#primaryimage","url":"https:\/\/cms.gebiom.group\/gebiom\/wp-content\/uploads\/sites\/5\/2023\/10\/GeBioM_Header-scaled.jpg","contentUrl":"https:\/\/cms.gebiom.group\/gebiom\/wp-content\/uploads\/sites\/5\/2023\/10\/GeBioM_Header-scaled.jpg"},{"@type":"BreadcrumbList","@id":"https:\/\/gebiom.group\/impressum\/#breadcrumb","itemListElement":[{"@type":"ListItem","position":1,"name":"Startseite","item":"https:\/\/gebiom.group\/"},{"@type":"ListItem","position":2,"name":"Impressum"}]},{"@type":"WebSite","@id":"https:\/\/gebiom.group\/#website","url":"https:\/\/gebiom.group\/","name":"GEBIOM GROUP - Turn every product into something personal","description":"","publisher":{"@id":"https:\/\/gebiom.group\/#organization"},"potentialAction":[{"@type":"SearchAction","target":{"@type":"EntryPoint","urlTemplate":"https:\/\/gebiom.group\/?s={search_term_string}"},"query-input":{"@type":"PropertyValueSpecification","valueRequired":true,"valueName":"search_term_string"}}],"inLanguage":"en-GB"},{"@type":"Organization","@id":"https:\/\/gebiom.group\/#organization","name":"GEBIOM GROUP - Turn every product into something personal","url":"https:\/\/gebiom.group\/","logo":{"@type":"ImageObject","inLanguage":"en-GB","@id":"https:\/\/gebiom.group\/#\/schema\/logo\/image\/","url":"https:\/\/gebiom.group\/wp-content\/uploads\/sites\/5\/2024\/02\/Gebiom-Group-logo-website-neu-white.png","contentUrl":"https:\/\/gebiom.group\/wp-content\/uploads\/sites\/5\/2024\/02\/Gebiom-Group-logo-website-neu-white.png","width":1024,"height":338,"caption":"GEBIOM GROUP - Turn every product into something personal"},"image":{"@id":"https:\/\/gebiom.group\/#\/schema\/logo\/image\/"}}]}},"coauthors":[],"author_meta":{"author_link":"https:\/\/gebiom.group\/en\/author\/mhorn\/","display_name":"MHorn"},"relative_dates":{"created":"Posted 3 years ago","modified":"Updated 3 months ago"},"absolute_dates":{"created":"Posted on 5. October 2023","modified":"Updated on 12. January 2026"},"absolute_dates_time":{"created":"Posted on 5. October 2023 9:36","modified":"Updated on 12. January 2026 11:24"},"featured_img_caption":"","featured_img":false,"series_order":"","_links":{"self":[{"href":"https:\/\/gebiom.group\/en\/wp-json\/wp\/v2\/pages\/9","targetHints":{"allow":["GET"]}}],"collection":[{"href":"https:\/\/gebiom.group\/en\/wp-json\/wp\/v2\/pages"}],"about":[{"href":"https:\/\/gebiom.group\/en\/wp-json\/wp\/v2\/types\/page"}],"author":[{"embeddable":true,"href":"https:\/\/gebiom.group\/en\/wp-json\/wp\/v2\/users\/1"}],"replies":[{"embeddable":true,"href":"https:\/\/gebiom.group\/en\/wp-json\/wp\/v2\/comments?post=9"}],"version-history":[{"count":7,"href":"https:\/\/gebiom.group\/en\/wp-json\/wp\/v2\/pages\/9\/revisions"}],"predecessor-version":[{"id":374,"href":"https:\/\/gebiom.group\/en\/wp-json\/wp\/v2\/pages\/9\/revisions\/374"}],"wp:attachment":[{"href":"https:\/\/gebiom.group\/en\/wp-json\/wp\/v2\/media?parent=9"}],"curies":[{"name":"wp","href":"https:\/\/api.w.org\/{rel}","templated":true}]}}